{"id":82,"date":"2023-11-26T22:06:11","date_gmt":"2023-11-26T22:06:11","guid":{"rendered":"https:\/\/certermoli.org\/?page_id=82"},"modified":"2024-02-26T18:22:33","modified_gmt":"2024-02-26T18:22:33","slug":"home","status":"publish","type":"page","link":"https:\/\/certermoli.org\/","title":{"rendered":"Home"},"content":{"rendered":"\n<figure class=\"wp-block-pullquote has-text-color has-link-color has-medium-font-size wp-elements-803b30800e926889449f61f533d2a77c\" style=\"color:#2c3f24\"><blockquote><p><strong>Istituto di Istruzione Secondaria Superiore \u201cE. Majorana\u201d<\/strong><br>Istituto Tecnico settore Tecnologico &#8211; Liceo Scientifico opzione Scienze Applicate &#8211; Liceo Artistico \u201cBenito Jacovitti\u201d<br><em>Via Palermo, 3 \u2013 Termoli (CB) &#8211; <a href=\"http:\/\/www.google.com\/url?q=http%3A%2F%2Fwww.majoranatermoli.edu.it%2F&amp;sa=D&amp;sntz=1&amp;usg=AOvVaw0WoZDJpK6Hiv6PCmolavyr\" target=\"_blank\" rel=\"noreferrer noopener\">www.majoranatermoli.edu.it<\/a> &#8211; <\/em><a href=\"mailto:cbis023004@istruzione.it\" target=\"_blank\" rel=\"noreferrer noopener\"><em>cbis023004@istruzione.it<\/em><\/a><\/p><\/blockquote><\/figure>\n\n\n\n<div class=\"wp-block-media-text is-stacked-on-mobile\"><figure class=\"wp-block-media-text__media\"><img loading=\"lazy\" decoding=\"async\" width=\"500\" height=\"279\" src=\"https:\/\/certermoli.org\/wp-content\/uploads\/2023\/11\/image.png\" alt=\"\" class=\"wp-image-35 size-full\" srcset=\"https:\/\/certermoli.org\/wp-content\/uploads\/2023\/11\/image.png 500w, https:\/\/certermoli.org\/wp-content\/uploads\/2023\/11\/image-300x167.png 300w\" sizes=\"auto, (max-width: 500px) 100vw, 500px\" \/><\/figure><div class=\"wp-block-media-text__content\">\n<p>Il progetto &#8220;<strong>CER Termoli &#8211; comunit\u00e0 energetiche<\/strong>&#8221; nasce dall&#8217;idea di porre l&#8217;attenzione su un tema di attualit\u00e0 con i ragazzi dell&#8217;Istituto Tecnico. L\u2019obiettivo che si pone \u00e8 quello di progettare e realizzare una (o due) comunit\u00e0 energetiche a servizio della citt\u00e0 di Termoli.<\/p>\n<\/div><\/div>\n\n\n\n<p style=\"font-size:16px\">Allo stesso tempo anche il&nbsp;<strong>Comune di Termoli<\/strong>&nbsp;decide di collaborare e si impegna tramite una deliberazione di Giunta Comunale.<\/p>\n\n\n\n<p style=\"font-size:16px\">Sono state molte le fasi interlocutorie e di ragionamento sul come creare gli strumenti opportuni per lavorare bene. Il coinvolgimento di un buon numero di studenti (circa un centinaio) oltre che di un buon numero di docenti (ambito tecnico, umanistico e di diritto) \u00e8 stato stimolo per una organizzazione molto accurata e precisa pena la non riuscita del progetto stesso.<\/p>\n\n\n\n<div style=\"height:20px\" aria-hidden=\"true\" class=\"wp-block-spacer\"><\/div>\n\n\n\n<p style=\"font-size:16px\">Durante il percorso si \u00e8 creato un collegamento con una scuola della Valle d\u2019Aosta che ha progettualit\u00e0 condivise con le nostre e con il dipartimento di&nbsp;<strong>Energetica del Politecnico di Torino<\/strong>. L\u2019idea quindi, per tramite di Enea e del Politecnico di Torino, \u00e8 quella di collaborare per condividere comportamenti virtuosi.<\/p>\n\n\n\n<div style=\"height:20px\" aria-hidden=\"true\" class=\"wp-block-spacer\"><\/div>\n\n\n\n<p style=\"font-size:16px\">Gli istituti tecnici sono indicati dal Ministero come \u201c<strong>scuole dell\u2019innovazione<\/strong>\u201d cio\u00e8 significa intendere questi istituti come un&nbsp;<strong>laboratorio di costruzione del futuro, capace di trasmettere ai giovani la curiosit\u00e0, il fascino dell\u2019immaginazione e il gusto della ricerca<\/strong>, del costruire insieme dei prodotti, di proiettare nel futuro il proprio impegno professionale per una&nbsp;<strong>piena realizzazione su piano culturale, umano e sociale<\/strong>. In un mondo sempre pi\u00f9 complesso e in continua trasformazione, l\u2019immaginazione \u00e8 il valore aggiunto per quanti vogliono creare qualcosa di nuovo, di proprio, di distintivo; qualcosa che dia significato alla propria storia, alle proprie scelte, ad un&nbsp;<strong>progetto di una societ\u00e0 pi\u00f9 giusta e solidale<\/strong>.&nbsp; Il filo conduttore pertanto \u00e8 quello di impegnarsi nella formazione degli studenti sia per creare delle opportunit\u00e0 concrete verso la \u201c<strong>transizione ecologica<\/strong>\u201d in termini di sviluppo professionale ma soprattutto quello di&nbsp;<strong>stimolare degli spunti<\/strong>&nbsp;che possano farli crescere sotto l&#8217;aspetto umano e culturale. Oltre questo la speranza \u00e8 quella di creare un cambiamento concreto nel nostro territorio mediante lo&nbsp;<strong>realizzazione della comunit\u00e0 energetica che porter\u00e0 benefici ambientali, sociali e culturali<\/strong>.<\/p>\n\n\n\n<div style=\"height:20px\" aria-hidden=\"true\" class=\"wp-block-spacer\"><\/div>\n\n\n\n<p style=\"font-size:16px\">Navigando le pagine di questo sito potrete vivere le fasi e il progetto insieme a noi. Grazie della vostra attenzione!<\/p>\n\n\n\n<div style=\"height:100px\" aria-hidden=\"true\" class=\"wp-block-spacer\"><\/div>\n","protected":false},"excerpt":{"rendered":"<p>Istituto di Istruzione Secondaria Superiore \u201cE. Majorana\u201dIstituto Tecnico settore Tecnologico &#8211; Liceo Scientifico opzione Scienze Applicate &#8211; Liceo Artistico \u201cBenito Jacovitti\u201dVia Palermo, 3 \u2013 Termoli (CB) &#8211; www.majoranatermoli.edu.it &#8211; cbis023004@istruzione.it Il progetto &#8220;CER Termoli &#8211; comunit\u00e0 energetiche&#8221; nasce dall&#8217;idea di porre l&#8217;attenzione su un tema di attualit\u00e0 con i ragazzi dell&#8217;Istituto Tecnico. L\u2019obiettivo che si [&hellip;]<\/p>\n","protected":false},"author":1,"featured_media":0,"parent":0,"menu_order":0,"comment_status":"closed","ping_status":"closed","template":"","meta":{"footnotes":""},"class_list":["post-82","page","type-page","status-publish","hentry"],"_links":{"self":[{"href":"https:\/\/certermoli.org\/index.php?rest_route=\/wp\/v2\/pages\/82","targetHints":{"allow":["GET"]}}],"collection":[{"href":"https:\/\/certermoli.org\/index.php?rest_route=\/wp\/v2\/pages"}],"about":[{"href":"https:\/\/certermoli.org\/index.php?rest_route=\/wp\/v2\/types\/page"}],"author":[{"embeddable":true,"href":"https:\/\/certermoli.org\/index.php?rest_route=\/wp\/v2\/users\/1"}],"replies":[{"embeddable":true,"href":"https:\/\/certermoli.org\/index.php?rest_route=%2Fwp%2Fv2%2Fcomments&post=82"}],"version-history":[{"count":33,"href":"https:\/\/certermoli.org\/index.php?rest_route=\/wp\/v2\/pages\/82\/revisions"}],"predecessor-version":[{"id":1351,"href":"https:\/\/certermoli.org\/index.php?rest_route=\/wp\/v2\/pages\/82\/revisions\/1351"}],"wp:attachment":[{"href":"https:\/\/certermoli.org\/index.php?rest_route=%2Fwp%2Fv2%2Fmedia&parent=82"}],"curies":[{"name":"wp","href":"https:\/\/api.w.org\/{rel}","templated":true}]}}