{"id":47,"date":"2023-11-26T21:51:00","date_gmt":"2023-11-26T21:51:00","guid":{"rendered":"https:\/\/certermoli.org\/?page_id=47"},"modified":"2023-12-17T18:49:40","modified_gmt":"2023-12-17T18:49:40","slug":"percorso","status":"publish","type":"page","link":"https:\/\/certermoli.org\/?page_id=47","title":{"rendered":"Percorso"},"content":{"rendered":"<div class=\"wp-block-image\">\n<figure class=\"aligncenter size-large is-resized\"><img loading=\"lazy\" decoding=\"async\" width=\"1024\" height=\"672\" src=\"https:\/\/certermoli.org\/wp-content\/uploads\/2023\/11\/VOcVDlJb8K1cvKJ0gZjCI4TjtKW83iKBLKdcC-CIdFBoR-1D3Gvpol5It0nefMKS8rEmrQz5PYGDwK14LVpTo5JiFPbhZOrKe97CuzZErCRYUYR3QTYjHKXZehgYFwCXJww1280-1024x672.jpeg\" alt=\"\" class=\"wp-image-506\" style=\"object-fit:cover;width:837px;height:549px\" srcset=\"https:\/\/certermoli.org\/wp-content\/uploads\/2023\/11\/VOcVDlJb8K1cvKJ0gZjCI4TjtKW83iKBLKdcC-CIdFBoR-1D3Gvpol5It0nefMKS8rEmrQz5PYGDwK14LVpTo5JiFPbhZOrKe97CuzZErCRYUYR3QTYjHKXZehgYFwCXJww1280-1024x672.jpeg 1024w, https:\/\/certermoli.org\/wp-content\/uploads\/2023\/11\/VOcVDlJb8K1cvKJ0gZjCI4TjtKW83iKBLKdcC-CIdFBoR-1D3Gvpol5It0nefMKS8rEmrQz5PYGDwK14LVpTo5JiFPbhZOrKe97CuzZErCRYUYR3QTYjHKXZehgYFwCXJww1280-300x197.jpeg 300w, https:\/\/certermoli.org\/wp-content\/uploads\/2023\/11\/VOcVDlJb8K1cvKJ0gZjCI4TjtKW83iKBLKdcC-CIdFBoR-1D3Gvpol5It0nefMKS8rEmrQz5PYGDwK14LVpTo5JiFPbhZOrKe97CuzZErCRYUYR3QTYjHKXZehgYFwCXJww1280-768x504.jpeg 768w, https:\/\/certermoli.org\/wp-content\/uploads\/2023\/11\/VOcVDlJb8K1cvKJ0gZjCI4TjtKW83iKBLKdcC-CIdFBoR-1D3Gvpol5It0nefMKS8rEmrQz5PYGDwK14LVpTo5JiFPbhZOrKe97CuzZErCRYUYR3QTYjHKXZehgYFwCXJww1280.jpeg 1280w\" sizes=\"auto, (max-width: 1024px) 100vw, 1024px\" \/><\/figure>\n<\/div>\n\n\n<p style=\"font-size:25px\">Naviga le pagine del percorso (<em>scegliendo la pagina dal men\u00f9 a tendina sotto la voce percorso<\/em>) in modo da osservare gli obiettivi gi\u00e0 raggiunti e i prossimi passi da fare per raggiungere il nostro <strong>tesoro<\/strong>:<br>la realizzazione della <strong>Comunit\u00e0 Energetica<\/strong> nella citt\u00e0 di Termoli.<\/p>\n\n\n\n<div style=\"height:100px\" aria-hidden=\"true\" class=\"wp-block-spacer\"><\/div>\n","protected":false},"excerpt":{"rendered":"<p>Naviga le pagine del percorso (scegliendo la pagina dal men\u00f9 a tendina sotto la voce percorso) in modo da osservare gli obiettivi gi\u00e0 raggiunti e i prossimi passi da fare per raggiungere il nostro tesoro:la realizzazione della Comunit\u00e0 Energetica nella citt\u00e0 di Termoli.<\/p>\n","protected":false},"author":1,"featured_media":0,"parent":0,"menu_order":0,"comment_status":"closed","ping_status":"closed","template":"","meta":{"footnotes":""},"class_list":["post-47","page","type-page","status-publish","hentry"],"_links":{"self":[{"href":"https:\/\/certermoli.org\/index.php?rest_route=\/wp\/v2\/pages\/47","targetHints":{"allow":["GET"]}}],"collection":[{"href":"https:\/\/certermoli.org\/index.php?rest_route=\/wp\/v2\/pages"}],"about":[{"href":"https:\/\/certermoli.org\/index.php?rest_route=\/wp\/v2\/types\/page"}],"author":[{"embeddable":true,"href":"https:\/\/certermoli.org\/index.php?rest_route=\/wp\/v2\/users\/1"}],"replies":[{"embeddable":true,"href":"https:\/\/certermoli.org\/index.php?rest_route=%2Fwp%2Fv2%2Fcomments&post=47"}],"version-history":[{"count":6,"href":"https:\/\/certermoli.org\/index.php?rest_route=\/wp\/v2\/pages\/47\/revisions"}],"predecessor-version":[{"id":1281,"href":"https:\/\/certermoli.org\/index.php?rest_route=\/wp\/v2\/pages\/47\/revisions\/1281"}],"wp:attachment":[{"href":"https:\/\/certermoli.org\/index.php?rest_route=%2Fwp%2Fv2%2Fmedia&parent=47"}],"curies":[{"name":"wp","href":"https:\/\/api.w.org\/{rel}","templated":true}]}}