{"id":447,"date":"2023-11-28T21:03:43","date_gmt":"2023-11-28T21:03:43","guid":{"rendered":"https:\/\/certermoli.org\/?page_id=447"},"modified":"2024-02-26T19:24:03","modified_gmt":"2024-02-26T19:24:03","slug":"la-forma-3","status":"publish","type":"page","link":"https:\/\/certermoli.org\/?page_id=447","title":{"rendered":"La Forma"},"content":{"rendered":"\n<div class=\"wp-block-columns is-layout-flex wp-container-core-columns-is-layout-9d6595d7 wp-block-columns-is-layout-flex\">\n<div class=\"wp-block-column is-layout-flow wp-block-column-is-layout-flow\">\n<h2 class=\"wp-block-heading has-text-color has-link-color wp-elements-8be424769078a27beba4ab1d2d945e21\" style=\"color:#248721;font-size:16px\"><strong>19<\/strong><strong>&nbsp;<\/strong><strong>gennaio<\/strong><strong>&nbsp;202<\/strong><strong>3<\/strong>&nbsp;&#8211;&nbsp;<strong>La scelta della forma organizzativa<\/strong><\/h2>\n\n\n\n<p style=\"font-size:16px\">prof. Gennaro&nbsp;<strong>IACAMPO<\/strong>, prof. Antonio&nbsp;<strong>SPINA<\/strong>, prof.ssa Antonietta&nbsp;<strong>PRIMIANO<\/strong><\/p>\n<\/div>\n\n\n\n<div class=\"wp-block-column is-layout-flow wp-block-column-is-layout-flow\">\n<figure class=\"wp-block-image size-large is-resized\"><img loading=\"lazy\" decoding=\"async\" width=\"1024\" height=\"376\" src=\"https:\/\/certermoli.org\/wp-content\/uploads\/2023\/11\/fare_impresa-1-1024x376.jpg\" alt=\"\" class=\"wp-image-331\" style=\"width:415px;height:auto\" srcset=\"https:\/\/certermoli.org\/wp-content\/uploads\/2023\/11\/fare_impresa-1-1024x376.jpg 1024w, https:\/\/certermoli.org\/wp-content\/uploads\/2023\/11\/fare_impresa-1-300x110.jpg 300w, https:\/\/certermoli.org\/wp-content\/uploads\/2023\/11\/fare_impresa-1-768x282.jpg 768w, https:\/\/certermoli.org\/wp-content\/uploads\/2023\/11\/fare_impresa-1.jpg 1140w\" sizes=\"auto, (max-width: 1024px) 100vw, 1024px\" \/><\/figure>\n<\/div>\n<\/div>\n\n\n\n<div style=\"height:20px\" aria-hidden=\"true\" class=\"wp-block-spacer\"><\/div>\n\n\n\n<p style=\"font-size:16px\">Nella scelta dell&#8217;organizzazione da dare alla CER si \u00e8 partiti da due aspetti fondamentali da osservare: il primo, dirimente, \u00e8&nbsp;<strong>quello secondo cui la CER non deve perseguire una finalit\u00e0 di lucro<\/strong>, il secondo \u00e8 quello della<strong>&nbsp;semplificazione<\/strong>.<\/p>\n\n\n\n<div style=\"height:20px\" aria-hidden=\"true\" class=\"wp-block-spacer\"><\/div>\n\n\n\n<p style=\"font-size:16px\">Il primo aspetto porta ad escludere tutte le organizzazione societarie finalizzate al lucro, sia nella forma della societ\u00e0 di persone, che nella forma di societ\u00e0 di capitali.<\/p>\n\n\n\n<div style=\"height:20px\" aria-hidden=\"true\" class=\"wp-block-spacer\"><\/div>\n\n\n\n<p style=\"font-size:16px\">Il secondo aspetto ha portato la scelta a rivolgersi ad un&#8217;organizzazione minima, sia dal punto di vista sociale, sia dal punto di vista degli adempimenti fiscali, sociali ed economici.<\/p>\n\n\n\n<div style=\"height:20px\" aria-hidden=\"true\" class=\"wp-block-spacer\"><\/div>\n\n\n\n<p style=\"font-size:16px\">A questo punto la scelta del tipo di organizzazione da assumere \u00e8 stata&nbsp;<strong>obbligatoriamente rivolta al terzo settore<\/strong>.<\/p>\n\n\n\n<div style=\"height:20px\" aria-hidden=\"true\" class=\"wp-block-spacer\"><\/div>\n\n\n\n<p style=\"font-size:16px\">Il \u201cterzo settore\u201d ha assunto negli ultimi anni una importanza maggiore, sia perch\u00e8 pu\u00f2 essere visto come soluzione parziale alla crisi dello Stato Sociale, sia perch\u00e8 consente una pi\u00f9 immediata risposta ai nuovi bisogni sociali emergenti.<\/p>\n\n\n\n<div style=\"height:20px\" aria-hidden=\"true\" class=\"wp-block-spacer\"><\/div>\n\n\n\n<p style=\"font-size:16px\">Il terzo settore, dunque, fa propria la finalit\u00e0 collettiva, propria dello Stato, agendo con la snellezza ed i mezzi propri delle organizzazioni private- Esso, inoltre, non avendo una finalit\u00e0 lucrativa, pu\u00f2 raccogliere la fiducia degli stessi consumatori.<\/p>\n\n\n\n<div style=\"height:20px\" aria-hidden=\"true\" class=\"wp-block-spacer\"><\/div>\n\n\n\n<p style=\"font-size:16px\">Questi ultimi esprimono una crescente richiesta di qualit\u00e0 e di fiducia da parte di chi eroga i servizi, soprattutto se si tratta di servizi alla persona, la quale \u00e8 al centro del sistema, nella sua individualit\u00e0 e nelle sue forma di aggregazione.<\/p>\n\n\n\n<div style=\"height:20px\" aria-hidden=\"true\" class=\"wp-block-spacer\"><\/div>\n\n\n\n<p style=\"font-size:16px\">L\u2019impresa \u00e8 orientata al profitto, cerca di max il risultato economico e in sede di negoziazione tenta di ricavare il massimo prezzo dalla controparte<\/p>\n\n\n\n<div style=\"height:20px\" aria-hidden=\"true\" class=\"wp-block-spacer\"><\/div>\n\n\n\n<pre class=\"wp-block-code\" style=\"font-size:16px\"><code><strong>L\u2019impresa non profit, invece, non ha come scopo principale il profitto, per cui, essendo diverso il finalismo rispetto alle aziende di produzione, l\u2019operare delle organizzazioni non profit non va valutato tanto in relazione alla loro capacit\u00e0 di produrre ricchezza economica, quanto in relazione: alla quantit\u00e0 e qualit\u00e0 dei bisogni sociali soddisfatti e all\u2019utilit\u00e0 sociale da esse prodotta<\/strong>.<\/code><\/pre>\n\n\n\n<div style=\"height:20px\" aria-hidden=\"true\" class=\"wp-block-spacer\"><\/div>\n\n\n\n<p style=\"font-size:16px\">Nell&#8217;ambito del terzo settore, negli ultimi anni, si \u00e8 avuto un intervento legislativo da parte dello Stato, per regolamentare e favorire il settore, percepito come meritevole di tutela.<\/p>\n\n\n\n<div style=\"height:20px\" aria-hidden=\"true\" class=\"wp-block-spacer\"><\/div>\n\n\n\n<p style=\"font-size:16px\">Cos\u00ec, accanto ai tradizionali istituti normativi gi\u00e0 presenti nel codice civile, sono state emanate nuove leggi, tra cui ricordiamo il Codice del Terzo Settore \u2013 Decreto legislativo 3 luglio 2017 n. 117 e ss. mm. ii., che ha provveduto al riordino e alla revisione compressiva della disciplina vigente in materia, sia civilistica che fiscale.<\/p>\n\n\n\n<div style=\"height:20px\" aria-hidden=\"true\" class=\"wp-block-spacer\"><\/div>\n\n\n\n<p style=\"font-size:16px\">In attuazione del Codice del Terzo Settore sono stati emanati diversi decreti ministeriali che ne regolano la funzione.<\/p>\n\n\n\n<div style=\"height:20px\" aria-hidden=\"true\" class=\"wp-block-spacer\"><\/div>\n\n\n\n<p style=\"font-size:16px\">Il C.C riconosce diverse tipologie di organizzazioni non profit:<\/p>\n\n\n\n<ul class=\"wp-block-list\" style=\"font-size:16px\">\n<li>Associazioni riconosciute e non riconosciute;<\/li>\n\n\n\n<li>Fondazioni;<\/li>\n\n\n\n<li style=\"font-size:16px\">Comitati ;<\/li>\n\n\n\n<li>Cooperative sociali;<\/li>\n\n\n\n<li>Organizzazioni non governative.<\/li>\n<\/ul>\n\n\n\n<div style=\"height:20px\" aria-hidden=\"true\" class=\"wp-block-spacer\"><\/div>\n\n\n\n<p style=\"font-size:16px\">Tra le dette forme organizzative,&nbsp;<strong>quella che pi\u00f9 risponde alle esigenze ed ai requisiti richiesti \u00e8 la forma dell&#8217;associazione<\/strong>.<\/p>\n\n\n\n<div style=\"height:20px\" aria-hidden=\"true\" class=\"wp-block-spacer\"><\/div>\n\n\n\n<p style=\"font-size:16px\">Ci\u00f2 sia perch\u00e8 non persegue finalit\u00e0 di lucro, sia perch\u00e8 ha un&#8217;organizzazione semplice, immediata rispetto ai consumatori finali, trasparente ed economicamente affrontabile. Lo scopo dell\u2019associazione, infatti, \u00e8 quello di soddisfare i bisogni di natura non economica, dei propri membri. Ha una struttura a \u201c<strong>porta aperta<\/strong>\u201d: nuove parti possono intervenire nell\u2019associazione gi\u00e0 costituita, senza cambiamento dell\u2019atto costitutivo. \u00c8 caratterizzata da una propria struttura organizzativa che si compone di due organi, l\u2019assemblea e gli amministratori. Vi sono due tipi di associazione, quella riconosciuta e quella non riconosciuta: l\u2019associazione \u00e8 riconosciuta qualora venga iscritta nel pubblico registro delle persone giuridiche, istituito presso la Prefettura. Tra i due tipi di associazione, riconosciuta e non riconosciuta, va sicuramente preferito il primo, per diversi fattori:<\/p>\n\n\n\n<ul class=\"wp-block-list\">\n<li style=\"font-size:16px\">Autonomia patrimoniale perfetta nei confronti dei soci (il patrimonio dell\u2019associazione si presenta distinto rispetto a quello degli associati e degli amministratori)<\/li>\n\n\n\n<li>Limitazione di responsabilit\u00e0, degli amministratori, per le obbligazioni assunte<\/li>\n\n\n\n<li style=\"font-size:16px\">L\u2019associazione riconosciuta pu\u00f2 accettare eredit\u00e0 legati e donazioni e acquistare immobili (\u00e8 dubbio se ci\u00f2 possa essere fatto dalle ANR)<\/li>\n<\/ul>\n\n\n\n<div style=\"height:20px\" aria-hidden=\"true\" class=\"wp-block-spacer\"><\/div>\n\n\n\n<p style=\"font-size:16px\">Riguardo alla formazione dell&#8217;associazione, occorrer\u00e0 stipulare : l\u2019<strong>atto costitutivo<\/strong>&nbsp;(in genere atto pubblico), contenente la volont\u00e0 di dar vita al rapporto associativo; lo&nbsp;<strong>Statuto<\/strong>, che contiene la struttura delle modalit\u00e0 di esecuzione del rapporto e forma parte integrante dell\u2019atto costitutivo.<\/p>\n\n\n\n<div style=\"height:20px\" aria-hidden=\"true\" class=\"wp-block-spacer\"><\/div>\n\n\n\n<p style=\"font-size:16px\">L\u2019Atto costitutivo \u00e8 l\u2019atto di nascita di un\u2019associazione. Deve essere sottoscritto dai tutti i soci fondatori e deve contenere la volont\u00e0 di creare l\u2019associazione. Nell\u2019atto sono inoltre indicati il nome, le finalit\u00e0, la sede sociale e il nome del presidente eletto dell\u2019associazione. All\u2019atto costitutivo \u00e8 allegato lo Statuto. Questo rappresenta l\u2019insieme di norme che regolano tutta la vita dell\u2019associazione. Ai membri dell\u2019associazione non potranno essere richiesti obblighi, n\u00e9 essi potranno vantare diritti all\u2019infuori di quelli che sono esplicitamente contemplati nell\u2019atto costitutivo. Lo Statuto conterr\u00e0 la regolamentazione degli organi dell&#8217;associazione. La procedura pi\u00f9 semplice e pi\u00f9 economica da seguire per la costituzione di un&#8217;associazione \u00e8 quella della scrittura privata registrata. La prima cosa da fare \u00e8 richiedere il rilascio del Codice Fiscale (C.F.) presso gli uffici dell\u2019Agenzia delle Entrate. Il C.F. \u00e8 il codice identificativo unico che lo Stato assegna a tutti i cittadini e a tutte le organizzazioni presenti sul territorio nazionale. Il rilascio del codice fiscale \u00e8 gratuito. Il secondo passo \u00e8 procedere alla registrazione vera e propria consegnando almeno due copie dello Statuto e dell\u2019atto costitutivo, firmate dai soci fondatori in originale, agli uffici preposti dell\u2019Agenzia delle Entrate. I&nbsp;<strong>costi di registrazione, marca da bollo e imposta di registro, ammontano in circa 200 euro<\/strong>. Inoltre l\u2019associazione dovr\u00e0, nel caso svolga attivit\u00e0 commerciale, richiedere la Partita IVA all\u2019Agenzia Provinciale delle Entrate e iscriversi alla CCIAA nella particolare sezione a essa dedicata.<\/p>\n\n\n\n<div style=\"height:100px\" aria-hidden=\"true\" class=\"wp-block-spacer\"><\/div>\n","protected":false},"excerpt":{"rendered":"<p>19&nbsp;gennaio&nbsp;2023&nbsp;&#8211;&nbsp;La scelta della forma organizzativa prof. Gennaro&nbsp;IACAMPO, prof. Antonio&nbsp;SPINA, prof.ssa Antonietta&nbsp;PRIMIANO Nella scelta dell&#8217;organizzazione da dare alla CER si \u00e8 partiti da due aspetti fondamentali da osservare: il primo, dirimente, \u00e8&nbsp;quello secondo cui la CER non deve perseguire una finalit\u00e0 di lucro, il secondo \u00e8 quello della&nbsp;semplificazione. Il primo aspetto porta ad escludere tutte le [&hellip;]<\/p>\n","protected":false},"author":1,"featured_media":0,"parent":0,"menu_order":0,"comment_status":"closed","ping_status":"closed","template":"","meta":{"footnotes":""},"class_list":["post-447","page","type-page","status-publish","hentry"],"_links":{"self":[{"href":"https:\/\/certermoli.org\/index.php?rest_route=\/wp\/v2\/pages\/447","targetHints":{"allow":["GET"]}}],"collection":[{"href":"https:\/\/certermoli.org\/index.php?rest_route=\/wp\/v2\/pages"}],"about":[{"href":"https:\/\/certermoli.org\/index.php?rest_route=\/wp\/v2\/types\/page"}],"author":[{"embeddable":true,"href":"https:\/\/certermoli.org\/index.php?rest_route=\/wp\/v2\/users\/1"}],"replies":[{"embeddable":true,"href":"https:\/\/certermoli.org\/index.php?rest_route=%2Fwp%2Fv2%2Fcomments&post=447"}],"version-history":[{"count":5,"href":"https:\/\/certermoli.org\/index.php?rest_route=\/wp\/v2\/pages\/447\/revisions"}],"predecessor-version":[{"id":1390,"href":"https:\/\/certermoli.org\/index.php?rest_route=\/wp\/v2\/pages\/447\/revisions\/1390"}],"wp:attachment":[{"href":"https:\/\/certermoli.org\/index.php?rest_route=%2Fwp%2Fv2%2Fmedia&parent=447"}],"curies":[{"name":"wp","href":"https:\/\/api.w.org\/{rel}","templated":true}]}}