{"id":236,"date":"2023-11-28T11:13:37","date_gmt":"2023-11-28T11:13:37","guid":{"rendered":"https:\/\/certermoli.org\/?page_id=236"},"modified":"2024-02-26T19:19:02","modified_gmt":"2024-02-26T19:19:02","slug":"thyt","status":"publish","type":"page","link":"https:\/\/certermoli.org\/?page_id=236","title":{"rendered":"Consumi"},"content":{"rendered":"\n<h2 class=\"wp-block-heading has-text-color has-link-color wp-elements-b89d317901b94eaa843a139dec56b20a\" style=\"color:#248721;font-size:16px\"><strong>16 novembre 2022<\/strong>&nbsp;&#8211;&nbsp;work in progress<\/h2>\n\n\n\n<div style=\"height:20px\" aria-hidden=\"true\" class=\"wp-block-spacer\"><\/div>\n\n\n\n<p class=\"has-text-align-left\" style=\"font-size:16px\">Dopo aver raccolto le schede di adesione i dati sono stati raccolti e aggregati usando dei fogli excel. Per gestire la mole di informazioni, anche se non dovuto, \u00e8 stato scelto di assegnare un numero di codice ad ogni aderente che lo accompagner\u00e0 per tutto il tracciamento e le elaborazioni in modo che non sar\u00e0 possibile risalire al nominativo a cui appartengono i dati.<\/p>\n\n\n\n<p class=\"has-text-align-left\" style=\"font-size:16px\">Il periodo di inserimento \u00e8&nbsp;<strong>ottobre 2021-settembre 2022<\/strong>.<\/p>\n\n\n\n<p class=\"has-text-align-left\" style=\"font-size:16px\">Chiusura inserimento dati:&nbsp;<strong>sabato 14 gennaio 2023<\/strong><\/p>\n\n\n\n<p class=\"has-text-align-left\" style=\"font-size:16px\">Al termine della raccolta dopo varie richieste, di invio o di integrazioni, non sono pervenute 14 documentazioni sulle 74 adesioni sottoscritte. Le motivazioni si possono raccogliere nei seguenti due casi: nessuna risposta alla richiesta di invio e documentazione mancante in quanto archiviata solo nella parte economica e non dei consumi. Per questo motivo verranno considerate ai fini del calcolo solo le adesioni che sono arrivate a concludere la fase 1 di raccolta dati. I restanti saranno comunque presi in considerazione come &#8220;interessati&#8221; al progetto e contattati successivamente.<\/p>\n\n\n\n<hr class=\"wp-block-separator has-alpha-channel-opacity is-style-wide\"\/>\n\n\n\n<figure class=\"wp-block-image size-full\"><img loading=\"lazy\" decoding=\"async\" width=\"932\" height=\"371\" src=\"https:\/\/certermoli.org\/wp-content\/uploads\/2023\/12\/download.png\" alt=\"\" class=\"wp-image-919\" srcset=\"https:\/\/certermoli.org\/wp-content\/uploads\/2023\/12\/download.png 932w, https:\/\/certermoli.org\/wp-content\/uploads\/2023\/12\/download-300x119.png 300w, https:\/\/certermoli.org\/wp-content\/uploads\/2023\/12\/download-768x306.png 768w\" sizes=\"auto, (max-width: 932px) 100vw, 932px\" \/><\/figure>\n\n\n\n<hr class=\"wp-block-separator has-alpha-channel-opacity is-style-wide\"\/>\n\n\n\n<figure class=\"wp-block-image size-full\"><img decoding=\"async\" src=\"https:\/\/certermoli.org\/wp-content\/uploads\/2023\/12\/download-1.png\" alt=\"\" class=\"wp-image-921\"\/><\/figure>\n\n\n\n<hr class=\"wp-block-separator has-alpha-channel-opacity is-style-wide\"\/>\n\n\n\n<figure class=\"wp-block-image size-full\"><img loading=\"lazy\" decoding=\"async\" width=\"965\" height=\"457\" src=\"https:\/\/certermoli.org\/wp-content\/uploads\/2023\/12\/download-1-1.png\" alt=\"\" class=\"wp-image-925\" srcset=\"https:\/\/certermoli.org\/wp-content\/uploads\/2023\/12\/download-1-1.png 965w, https:\/\/certermoli.org\/wp-content\/uploads\/2023\/12\/download-1-1-300x142.png 300w, https:\/\/certermoli.org\/wp-content\/uploads\/2023\/12\/download-1-1-768x364.png 768w\" sizes=\"auto, (max-width: 965px) 100vw, 965px\" \/><\/figure>\n\n\n\n<hr class=\"wp-block-separator has-alpha-channel-opacity is-style-wide\"\/>\n\n\n\n<figure class=\"wp-block-image size-full\"><img loading=\"lazy\" decoding=\"async\" width=\"994\" height=\"471\" src=\"https:\/\/certermoli.org\/wp-content\/uploads\/2023\/12\/download-2.png\" alt=\"\" class=\"wp-image-922\" srcset=\"https:\/\/certermoli.org\/wp-content\/uploads\/2023\/12\/download-2.png 994w, https:\/\/certermoli.org\/wp-content\/uploads\/2023\/12\/download-2-300x142.png 300w, https:\/\/certermoli.org\/wp-content\/uploads\/2023\/12\/download-2-768x364.png 768w\" sizes=\"auto, (max-width: 994px) 100vw, 994px\" \/><\/figure>\n\n\n\n<hr class=\"wp-block-separator has-alpha-channel-opacity is-style-wide\"\/>\n\n\n\n<figure class=\"wp-block-image size-large\"><img loading=\"lazy\" decoding=\"async\" width=\"1024\" height=\"499\" src=\"https:\/\/certermoli.org\/wp-content\/uploads\/2023\/12\/download-4-1024x499.png\" alt=\"\" class=\"wp-image-923\" srcset=\"https:\/\/certermoli.org\/wp-content\/uploads\/2023\/12\/download-4-1024x499.png 1024w, https:\/\/certermoli.org\/wp-content\/uploads\/2023\/12\/download-4-300x146.png 300w, https:\/\/certermoli.org\/wp-content\/uploads\/2023\/12\/download-4-768x374.png 768w, https:\/\/certermoli.org\/wp-content\/uploads\/2023\/12\/download-4.png 1084w\" sizes=\"auto, (max-width: 1024px) 100vw, 1024px\" \/><\/figure>\n\n\n\n<div style=\"height:200px\" aria-hidden=\"true\" class=\"wp-block-spacer\"><\/div>\n","protected":false},"excerpt":{"rendered":"<p>16 novembre 2022&nbsp;&#8211;&nbsp;work in progress Dopo aver raccolto le schede di adesione i dati sono stati raccolti e aggregati usando dei fogli excel. Per gestire la mole di informazioni, anche se non dovuto, \u00e8 stato scelto di assegnare un numero di codice ad ogni aderente che lo accompagner\u00e0 per tutto il tracciamento e le elaborazioni [&hellip;]<\/p>\n","protected":false},"author":1,"featured_media":0,"parent":0,"menu_order":0,"comment_status":"closed","ping_status":"closed","template":"","meta":{"footnotes":""},"class_list":["post-236","page","type-page","status-publish","hentry"],"_links":{"self":[{"href":"https:\/\/certermoli.org\/index.php?rest_route=\/wp\/v2\/pages\/236","targetHints":{"allow":["GET"]}}],"collection":[{"href":"https:\/\/certermoli.org\/index.php?rest_route=\/wp\/v2\/pages"}],"about":[{"href":"https:\/\/certermoli.org\/index.php?rest_route=\/wp\/v2\/types\/page"}],"author":[{"embeddable":true,"href":"https:\/\/certermoli.org\/index.php?rest_route=\/wp\/v2\/users\/1"}],"replies":[{"embeddable":true,"href":"https:\/\/certermoli.org\/index.php?rest_route=%2Fwp%2Fv2%2Fcomments&post=236"}],"version-history":[{"count":24,"href":"https:\/\/certermoli.org\/index.php?rest_route=\/wp\/v2\/pages\/236\/revisions"}],"predecessor-version":[{"id":1384,"href":"https:\/\/certermoli.org\/index.php?rest_route=\/wp\/v2\/pages\/236\/revisions\/1384"}],"wp:attachment":[{"href":"https:\/\/certermoli.org\/index.php?rest_route=%2Fwp%2Fv2%2Fmedia&parent=236"}],"curies":[{"name":"wp","href":"https:\/\/api.w.org\/{rel}","templated":true}]}}