{"id":220,"date":"2023-11-28T11:05:48","date_gmt":"2023-11-28T11:05:48","guid":{"rendered":"https:\/\/certermoli.org\/?page_id=220"},"modified":"2024-02-26T19:06:01","modified_gmt":"2024-02-26T19:06:01","slug":"formazione","status":"publish","type":"page","link":"https:\/\/certermoli.org\/?page_id=220","title":{"rendered":"Formazione"},"content":{"rendered":"\n<div style=\"height:20px\" aria-hidden=\"true\" class=\"wp-block-spacer\"><\/div>\n\n\n\n<div style=\"height:100px\" aria-hidden=\"true\" class=\"wp-block-spacer\"><\/div>\n\n\n\n<h2 class=\"wp-block-heading has-text-color has-link-color wp-elements-9ed233f1f3294d2511e864120373f207\" style=\"color:#248721;font-size:16px\"><strong>8&nbsp;ottobre&nbsp;2022<\/strong>&nbsp;&#8211;&nbsp;inizio della formazione presso l&#8217;Auditorium della nostra scuola &#8211; prof. ing.&nbsp;<strong>Paolo MARINUCCI<\/strong><\/h2>\n\n\n\n<div class=\"wp-block-group is-nowrap is-layout-flex wp-container-core-group-is-layout-64989fb1 wp-block-group-is-layout-flex\">\n<div class=\"wp-block-group has-x-large-font-size wp-container-content-5fe585c2 is-vertical is-layout-flex wp-container-core-group-is-layout-8cf370e7 wp-block-group-is-layout-flex\">\n<div class=\"wp-block-group is-vertical is-layout-flex wp-container-core-group-is-layout-8cf370e7 wp-block-group-is-layout-flex\">\n<figure class=\"wp-block-image size-large is-resized\"><img loading=\"lazy\" decoding=\"async\" width=\"1024\" height=\"768\" src=\"https:\/\/certermoli.org\/wp-content\/uploads\/2023\/11\/okc7f3gAmqWrf-XOj_aGI8O5rBZJ-oxKn1YFff8B8zHqtvozJMBHGjs4TMexEFi3iCQlcOUryGEWasgGeGNS_fanTY6BASVzxfAD7_tGmTFAMoG36szh1VcsJd1BK_9wMQw1280-1-1024x768.jpeg\" alt=\"\" class=\"wp-image-550\" style=\"width:720px\" srcset=\"https:\/\/certermoli.org\/wp-content\/uploads\/2023\/11\/okc7f3gAmqWrf-XOj_aGI8O5rBZJ-oxKn1YFff8B8zHqtvozJMBHGjs4TMexEFi3iCQlcOUryGEWasgGeGNS_fanTY6BASVzxfAD7_tGmTFAMoG36szh1VcsJd1BK_9wMQw1280-1-1024x768.jpeg 1024w, https:\/\/certermoli.org\/wp-content\/uploads\/2023\/11\/okc7f3gAmqWrf-XOj_aGI8O5rBZJ-oxKn1YFff8B8zHqtvozJMBHGjs4TMexEFi3iCQlcOUryGEWasgGeGNS_fanTY6BASVzxfAD7_tGmTFAMoG36szh1VcsJd1BK_9wMQw1280-1-300x225.jpeg 300w, https:\/\/certermoli.org\/wp-content\/uploads\/2023\/11\/okc7f3gAmqWrf-XOj_aGI8O5rBZJ-oxKn1YFff8B8zHqtvozJMBHGjs4TMexEFi3iCQlcOUryGEWasgGeGNS_fanTY6BASVzxfAD7_tGmTFAMoG36szh1VcsJd1BK_9wMQw1280-1-768x576.jpeg 768w, https:\/\/certermoli.org\/wp-content\/uploads\/2023\/11\/okc7f3gAmqWrf-XOj_aGI8O5rBZJ-oxKn1YFff8B8zHqtvozJMBHGjs4TMexEFi3iCQlcOUryGEWasgGeGNS_fanTY6BASVzxfAD7_tGmTFAMoG36szh1VcsJd1BK_9wMQw1280-1.jpeg 1280w\" sizes=\"auto, (max-width: 1024px) 100vw, 1024px\" \/><\/figure>\n\n\n\n<figure class=\"wp-block-image size-full is-resized\"><img loading=\"lazy\" decoding=\"async\" width=\"763\" height=\"548\" src=\"https:\/\/certermoli.org\/wp-content\/uploads\/2023\/11\/yc8IsazkKtAqIOm71ZfO7wYqGWtdIYXNoj96blbL8CEwMt8SjLVrJTb6BgKAWT5XMzZj_k_Kg8suU_hKQ36uck0JyNntWFmeB4svJ6qnNntx6c-jri0XkY2KkqN20lqpNgw1280-1.png\" alt=\"\" class=\"wp-image-549\" style=\"width:720px\" srcset=\"https:\/\/certermoli.org\/wp-content\/uploads\/2023\/11\/yc8IsazkKtAqIOm71ZfO7wYqGWtdIYXNoj96blbL8CEwMt8SjLVrJTb6BgKAWT5XMzZj_k_Kg8suU_hKQ36uck0JyNntWFmeB4svJ6qnNntx6c-jri0XkY2KkqN20lqpNgw1280-1.png 763w, https:\/\/certermoli.org\/wp-content\/uploads\/2023\/11\/yc8IsazkKtAqIOm71ZfO7wYqGWtdIYXNoj96blbL8CEwMt8SjLVrJTb6BgKAWT5XMzZj_k_Kg8suU_hKQ36uck0JyNntWFmeB4svJ6qnNntx6c-jri0XkY2KkqN20lqpNgw1280-1-300x215.png 300w\" sizes=\"auto, (max-width: 763px) 100vw, 763px\" \/><\/figure>\n\n\n\n<p class=\"has-text-align-left has-vivid-green-cyan-color has-text-color has-link-color wp-elements-9804a4022c608d38e516eb0991a0ee5c\" style=\"font-size:16px\"><strong>fig. 1 &#8211; Levelized Cost of Energy<\/strong><\/p>\n\n\n\n<figure class=\"wp-block-image size-full is-resized\"><img loading=\"lazy\" decoding=\"async\" width=\"701\" height=\"538\" src=\"https:\/\/certermoli.org\/wp-content\/uploads\/2023\/11\/TYfzO2bBlwvZzBBCm2T4-p4OGY-OQjFWdvScuHsItdwvwUqKw87vA0MzoOgGmflH92JpogkAslakFPU0ut36pSeaQn6oPMzaEDuUhzxQDkN62sLXgySD70wCTVPU_KPVeQw1280-1.png\" alt=\"\" class=\"wp-image-552\" style=\"width:720px\" srcset=\"https:\/\/certermoli.org\/wp-content\/uploads\/2023\/11\/TYfzO2bBlwvZzBBCm2T4-p4OGY-OQjFWdvScuHsItdwvwUqKw87vA0MzoOgGmflH92JpogkAslakFPU0ut36pSeaQn6oPMzaEDuUhzxQDkN62sLXgySD70wCTVPU_KPVeQw1280-1.png 701w, https:\/\/certermoli.org\/wp-content\/uploads\/2023\/11\/TYfzO2bBlwvZzBBCm2T4-p4OGY-OQjFWdvScuHsItdwvwUqKw87vA0MzoOgGmflH92JpogkAslakFPU0ut36pSeaQn6oPMzaEDuUhzxQDkN62sLXgySD70wCTVPU_KPVeQw1280-1-300x230.png 300w\" sizes=\"auto, (max-width: 701px) 100vw, 701px\" \/><\/figure>\n\n\n\n<p class=\"has-text-align-left has-vivid-green-cyan-color has-text-color has-link-color wp-elements-fb1c289914376bda9321f066d304d53f\" style=\"font-size:16px\"><strong>fig. 2 &#8211; autoconsumo con stoccaggio<\/strong><\/p>\n\n\n\n<figure class=\"wp-block-image size-full is-resized\"><img loading=\"lazy\" decoding=\"async\" width=\"747\" height=\"604\" src=\"https:\/\/certermoli.org\/wp-content\/uploads\/2023\/11\/DG2LyKqhtkzDkzUN-n1uGrxgkZau99AWXN1Tz2ouEmL03y6CwIzKTf8V0cJka-xbE5np2bKaWvhg0lhS7w1YJNggKOUrqxH3BB0ErLJruEOUNZdNebyMagi91h5lt47F2Aw1280.png\" alt=\"\" class=\"wp-image-541\" style=\"width:720px\" srcset=\"https:\/\/certermoli.org\/wp-content\/uploads\/2023\/11\/DG2LyKqhtkzDkzUN-n1uGrxgkZau99AWXN1Tz2ouEmL03y6CwIzKTf8V0cJka-xbE5np2bKaWvhg0lhS7w1YJNggKOUrqxH3BB0ErLJruEOUNZdNebyMagi91h5lt47F2Aw1280.png 747w, https:\/\/certermoli.org\/wp-content\/uploads\/2023\/11\/DG2LyKqhtkzDkzUN-n1uGrxgkZau99AWXN1Tz2ouEmL03y6CwIzKTf8V0cJka-xbE5np2bKaWvhg0lhS7w1YJNggKOUrqxH3BB0ErLJruEOUNZdNebyMagi91h5lt47F2Aw1280-300x243.png 300w\" sizes=\"auto, (max-width: 747px) 100vw, 747px\" \/><\/figure>\n\n\n\n<p class=\"has-text-align-left has-vivid-green-cyan-color has-text-color has-link-color wp-elements-35062a44753c34572394ced3c9f4ffef\" style=\"font-size:16px\"><strong>fig. <\/strong><strong>3 &#8211; Cluster fabbisogni energetici<\/strong><\/p>\n\n\n\n<figure class=\"wp-block-image size-full is-resized\"><img loading=\"lazy\" decoding=\"async\" width=\"920\" height=\"1022\" src=\"https:\/\/certermoli.org\/wp-content\/uploads\/2023\/11\/FL3pp7d6Euvm3DoWtL1WfOCZXBsjP2N-8joxYNxaNGPPNDZj7OUetQ9WN3ZbOr7NHwqr8xt89b4GK28uKc_3bQv2ewg_XE6BIu7ePhqOQ_4oKpBneci86ydgC4hh1ogOpww1280-1.png\" alt=\"\" class=\"wp-image-653\" style=\"width:720px\" srcset=\"https:\/\/certermoli.org\/wp-content\/uploads\/2023\/11\/FL3pp7d6Euvm3DoWtL1WfOCZXBsjP2N-8joxYNxaNGPPNDZj7OUetQ9WN3ZbOr7NHwqr8xt89b4GK28uKc_3bQv2ewg_XE6BIu7ePhqOQ_4oKpBneci86ydgC4hh1ogOpww1280-1.png 920w, https:\/\/certermoli.org\/wp-content\/uploads\/2023\/11\/FL3pp7d6Euvm3DoWtL1WfOCZXBsjP2N-8joxYNxaNGPPNDZj7OUetQ9WN3ZbOr7NHwqr8xt89b4GK28uKc_3bQv2ewg_XE6BIu7ePhqOQ_4oKpBneci86ydgC4hh1ogOpww1280-1-270x300.png 270w, https:\/\/certermoli.org\/wp-content\/uploads\/2023\/11\/FL3pp7d6Euvm3DoWtL1WfOCZXBsjP2N-8joxYNxaNGPPNDZj7OUetQ9WN3ZbOr7NHwqr8xt89b4GK28uKc_3bQv2ewg_XE6BIu7ePhqOQ_4oKpBneci86ydgC4hh1ogOpww1280-1-768x853.png 768w\" sizes=\"auto, (max-width: 920px) 100vw, 920px\" \/><\/figure>\n\n\n\n<p class=\"has-vivid-green-cyan-color has-text-color has-link-color wp-elements-7f047e088727f2ea046d3ea77252c282\" style=\"font-size:16px\"><strong>fig. 4 &#8211; flussi energetici estero<\/strong><\/p>\n\n\n\n<figure class=\"wp-block-image size-full is-resized\"><img loading=\"lazy\" decoding=\"async\" width=\"739\" height=\"265\" src=\"https:\/\/certermoli.org\/wp-content\/uploads\/2023\/11\/psJK352Fo9BGAtFPpJIcHBo16yW4S76nR86Vc74Ik0lT1iOqovbah8vpdkEk6IFyba1IKQNB5mh5jtXs0acIHn-YphvppKtx61GNnsMit2s1ylmCYk6DA5hltAh08-Ow1280-1.png\" alt=\"\" class=\"wp-image-678\" style=\"width:720px\" srcset=\"https:\/\/certermoli.org\/wp-content\/uploads\/2023\/11\/psJK352Fo9BGAtFPpJIcHBo16yW4S76nR86Vc74Ik0lT1iOqovbah8vpdkEk6IFyba1IKQNB5mh5jtXs0acIHn-YphvppKtx61GNnsMit2s1ylmCYk6DA5hltAh08-Ow1280-1.png 739w, https:\/\/certermoli.org\/wp-content\/uploads\/2023\/11\/psJK352Fo9BGAtFPpJIcHBo16yW4S76nR86Vc74Ik0lT1iOqovbah8vpdkEk6IFyba1IKQNB5mh5jtXs0acIHn-YphvppKtx61GNnsMit2s1ylmCYk6DA5hltAh08-Ow1280-1-300x108.png 300w\" sizes=\"auto, (max-width: 739px) 100vw, 739px\" \/><\/figure>\n\n\n\n<p class=\"has-vivid-green-cyan-color has-text-color has-link-color wp-elements-6f9d4c3cb2063b46e40cc39b27aeb2d7\" style=\"font-size:16px\"><strong>fig. 5 &#8211; riduzione LCOE<\/strong><\/p>\n\n\n\n<figure class=\"wp-block-image size-full is-resized\"><img loading=\"lazy\" decoding=\"async\" width=\"691\" height=\"476\" src=\"https:\/\/certermoli.org\/wp-content\/uploads\/2023\/11\/wxypfsKYHN6o0ys2cusmJ6cJCOTAgCkVrTT8rOTgE1Axrf0gs4jX6a7PiIsa_8rsB5hDVzpgQxK9dWcQZubTvMELhgFqUIq3HAZ7j6JkQejff-fyqCojuvaDNlZzCuGt4ww1280-1.png\" alt=\"\" class=\"wp-image-677\" style=\"width:720px\" srcset=\"https:\/\/certermoli.org\/wp-content\/uploads\/2023\/11\/wxypfsKYHN6o0ys2cusmJ6cJCOTAgCkVrTT8rOTgE1Axrf0gs4jX6a7PiIsa_8rsB5hDVzpgQxK9dWcQZubTvMELhgFqUIq3HAZ7j6JkQejff-fyqCojuvaDNlZzCuGt4ww1280-1.png 691w, https:\/\/certermoli.org\/wp-content\/uploads\/2023\/11\/wxypfsKYHN6o0ys2cusmJ6cJCOTAgCkVrTT8rOTgE1Axrf0gs4jX6a7PiIsa_8rsB5hDVzpgQxK9dWcQZubTvMELhgFqUIq3HAZ7j6JkQejff-fyqCojuvaDNlZzCuGt4ww1280-1-300x207.png 300w\" sizes=\"auto, (max-width: 691px) 100vw, 691px\" \/><\/figure>\n\n\n\n<p class=\"has-vivid-green-cyan-color has-text-color has-link-color wp-elements-902ed7f03b8b592a1758be148dbfd50a\" style=\"font-size:16px\"><strong>fig. 6 &#8211; produzione annua impianto da 1,08 kW localizzato su Termoli azimut\u00b0 e tilt 30\u00b0<\/strong><\/p>\n<\/div>\n<\/div>\n\n\n\n<div class=\"wp-block-group is-vertical is-layout-flex wp-container-core-group-is-layout-b7faace9 wp-block-group-is-layout-flex\">\n<p style=\"font-size:16px\">Sabato 8 ottobre 2022 \u00e8 iniziata la formazione specifica alle 4 classi dell&#8217;Istituto Tecnico e alla classe del Liceo Artistico che ha partecipato online.<\/p>\n\n\n\n<p style=\"font-size:16px\">Gli incontri sono stati complessivamente 4.<\/p>\n\n\n\n<p style=\"font-size:16px\">La formazione \u00e8 iniziata con lo studio dello&nbsp;<strong>stato di fatto europeo<\/strong>&nbsp;in particolare il Pacchetto legislativo \u00ab<strong>energia pulita per tutti gli europei<\/strong>\u00bb (CEP \u2013 Clean EnergyPackage) del 2019. Quindi la&nbsp;<strong>direttiva UE 2018\/2011<\/strong>&nbsp;e la&nbsp;<strong>direttiva UE 2019\/944<\/strong>&nbsp;che introducono le&nbsp;comunit\u00e0 energetiche dei cittadini&nbsp;e le&nbsp;comunit\u00e0 di energia rinnovabile.<\/p>\n\n\n\n<div style=\"height:20px\" aria-hidden=\"true\" class=\"wp-block-spacer wp-container-content-62aae154\"><\/div>\n\n\n\n<p style=\"font-size:16px\">Le Direttive, sebbene presentino definizioni diverse tra loro, definiscono entrambe la&nbsp;<strong>comunit\u00e0 energetica<\/strong>&nbsp;come \u201c<strong>un soggetto giuridico<\/strong>\u201d fondato sulla \u201c<strong>partecipazione aperta e volontaria<\/strong>\u201d, il cui&nbsp;<strong>scopo prioritario non \u00e8 la generazione di profitti finanziari<\/strong>,&nbsp;<strong>ma il raggiungimento di benefici ambientali, economici e sociali<\/strong>&nbsp;per i suoi membri&nbsp;o&nbsp;soci&nbsp;o al territorio in cui opera.<\/p>\n\n\n\n<div style=\"height:20px\" aria-hidden=\"true\" class=\"wp-block-spacer wp-container-content-62aae154\"><\/div>\n\n\n\n<p style=\"font-size:16px\">A livello nazionale dopo la&nbsp;<strong>fase transitoria introdotta dalla legge n. 8 del 28 febbraio 2020 con l&#8217;art. 42-bis<\/strong>&nbsp;sono intervenuti il&nbsp;<strong>D.Lgvo 8 novembre 2021, n. 199<\/strong>&nbsp;(recepimento Direttiva UE 2018\/2011) e il&nbsp;<strong>D.Lgvo 8 novembre 2021, n. 210<\/strong>&nbsp;(recepimento Direttiva UE 2019\/944 ). Il proglema \u00e8 che ad oggi (novembre 2022)&nbsp;<strong>mancano ancora i decreti attuativi che normano i rapporti in essere nelle CER<\/strong>. L&#8217;interlocutore del Ministero \u00e8 l&#8217;Autorit\u00e0 di regolazione per Energia Reti e Ambiente &#8211; L&#8217;Autorit\u00e0 di Regolazione per Energia Reti e Ambiente (ARERA).<\/p>\n\n\n\n<div style=\"height:20px\" aria-hidden=\"true\" class=\"wp-block-spacer wp-container-content-62aae154\"><\/div>\n\n\n\n<p style=\"font-size:16px\">Dopo la parte normativa si sono dati i concetti del cos&#8217;\u00e8 una comunit\u00e0 energetica, prosumer, vantaggi economici, sociali ed ambientali. Si \u00e8 parlato delle tecnologie per aumentare l&#8217;autoconsumo mediante lo stoccaggio in batterie.<\/p>\n\n\n\n<div style=\"height:20px\" aria-hidden=\"true\" class=\"wp-block-spacer wp-container-content-62aae154\"><\/div>\n\n\n\n<p style=\"font-size:16px\">Di seguito si \u00e8 visto in sintesi&nbsp;<strong>quale forma giuridica pu\u00f2 essere posta in essere per la gestione di una CER<\/strong>: associazioni di promozione sociale (Aps); imprese sociali (inclusa la cooperativa sociale); reti associative; societ\u00e0 di mutuo soccorso; associazioni (riconosciuta o meno), le fondazioni (esclusa quella di origine bancaria) e altri enti di natura privata (escluse le societ\u00e0) che operano senza scopo di lucro. I concetti relativi alla parte normativa e alla natura giuridica verranno approfonditi durante le ore di educazione civica con i docenti di diritto.<\/p>\n\n\n\n<div style=\"height:20px\" aria-hidden=\"true\" class=\"wp-block-spacer wp-container-content-62aae154\"><\/div>\n\n\n\n<p style=\"font-size:16px\">La formazione \u00e8 proseguita con l&#8217;indicazione dei numeri relativi alle produzioni da fonti rinnovabili in europa e in Italia. Il&nbsp;<strong>Levelized Cost of Energy<\/strong>&nbsp;(LCOE) relativamente alle fonti fossili e rinnovabili facendo notare come ad esempio il LCOE (<em><strong>fig.1<\/strong><\/em>) del fotovoltaico \u00e8 passato da&nbsp;<strong>0,417 USD\/kWh del 2010 a 0,048 USD\/kWh nel 2021 cio\u00e8 una riduzione dell&#8217;88%<\/strong>&nbsp;(<em><strong>fig. 5<\/strong><\/em>) in dieci anni.<\/p>\n\n\n\n<div style=\"height:20px\" aria-hidden=\"true\" class=\"wp-block-spacer wp-container-content-62aae154\"><\/div>\n\n\n\n<p style=\"font-size:16px\">Poi siamo passati a visionare le tecnologie da fonti rinnovabili: eolico su terra e in mare, solare fotovoltaico, solare a concentrazione, idroelettrico, geotermia e bionergia. Alcuni dati sulle produzioni italiane e sui picchi di consumo oltre che sugli 8 cluster (<em><strong>fig. 3<\/strong><\/em>) in cui \u00e8 divisa l&#8217;Italia per i fabbisogni elettrici e come si muovo i flussi energetici tra i cluster e l&#8217;estero (<em><strong>fig. 4<\/strong><\/em>).<\/p>\n\n\n\n<div style=\"height:20px\" aria-hidden=\"true\" class=\"wp-block-spacer wp-container-content-62aae154\"><\/div>\n\n\n\n<p style=\"font-size:16px\">L&#8217;ultimo argomento \u00e8 stata la lettura di una bolletta elettrica e la progettazione di un impianto fotovoltaico con lo studio specifico anche dei dati sull&#8217;autoconsumo mediante lo stoccaggio in batteria. Valutazione di come oggi&nbsp;<strong>l&#8217;autoconsumo (<\/strong><em><strong>fig. 2<\/strong><\/em><strong>) \u00e8 la parte pi\u00f9 remunerativa rispetto ad un impianto da fonti rinnovabili<\/strong>. Il dato, derivante dalla progettazione, di circa&nbsp;<strong>1240 kWh\/kWp<\/strong>&nbsp;(<em><strong>fig. 6<\/strong><\/em>) per un impianto localizzato a Termoli con azimut 0\u00b0 e til 30\u00b0 \u00e8 stato essenziale per capire come sia performante e ormai standard una produzione da solare fotovoltaico.<\/p>\n\n\n\n<div style=\"height:20px\" aria-hidden=\"true\" class=\"wp-block-spacer wp-container-content-62aae154\"><\/div>\n\n\n<a href=\"https:\/\/certermoli.org\/wp-content\/uploads\/2023\/12\/Lezione_Introduttiva_compressed_compressed-1-1.pdf\" class=\"pdfemb-viewer\" style=\"\" data-width=\"max\" data-height=\"max\" data-toolbar=\"bottom\" data-toolbar-fixed=\"off\">Lezione_Introduttiva_compressed_compressed-1-1<\/a>\n<p class=\"wp-block-pdfemb-pdf-embedder-viewer\"><\/p>\n\n\n\n<div class=\"wp-block-file\"><a href=\"https:\/\/certermoli.org\/wp-content\/uploads\/2023\/12\/Lezione_Introduttiva_compressed_compressed-1-1.pdf\" class=\"wp-block-file__button wp-element-button\" download>Download<\/a><\/div>\n<\/div>\n<\/div>\n\n\n\n<div style=\"height:100px\" aria-hidden=\"true\" class=\"wp-block-spacer\"><\/div>\n","protected":false},"excerpt":{"rendered":"<p>8&nbsp;ottobre&nbsp;2022&nbsp;&#8211;&nbsp;inizio della formazione presso l&#8217;Auditorium della nostra scuola &#8211; prof. ing.&nbsp;Paolo MARINUCCI fig. 1 &#8211; Levelized Cost of Energy fig. 2 &#8211; autoconsumo con stoccaggio fig. 3 &#8211; Cluster fabbisogni energetici fig. 4 &#8211; flussi energetici estero fig. 5 &#8211; riduzione LCOE fig. 6 &#8211; produzione annua impianto da 1,08 kW localizzato su Termoli azimut\u00b0 [&hellip;]<\/p>\n","protected":false},"author":1,"featured_media":0,"parent":0,"menu_order":0,"comment_status":"closed","ping_status":"closed","template":"page-template\/home-custom.php","meta":{"footnotes":""},"class_list":["post-220","page","type-page","status-publish","hentry"],"_links":{"self":[{"href":"https:\/\/certermoli.org\/index.php?rest_route=\/wp\/v2\/pages\/220","targetHints":{"allow":["GET"]}}],"collection":[{"href":"https:\/\/certermoli.org\/index.php?rest_route=\/wp\/v2\/pages"}],"about":[{"href":"https:\/\/certermoli.org\/index.php?rest_route=\/wp\/v2\/types\/page"}],"author":[{"embeddable":true,"href":"https:\/\/certermoli.org\/index.php?rest_route=\/wp\/v2\/users\/1"}],"replies":[{"embeddable":true,"href":"https:\/\/certermoli.org\/index.php?rest_route=%2Fwp%2Fv2%2Fcomments&post=220"}],"version-history":[{"count":82,"href":"https:\/\/certermoli.org\/index.php?rest_route=\/wp\/v2\/pages\/220\/revisions"}],"predecessor-version":[{"id":1373,"href":"https:\/\/certermoli.org\/index.php?rest_route=\/wp\/v2\/pages\/220\/revisions\/1373"}],"wp:attachment":[{"href":"https:\/\/certermoli.org\/index.php?rest_route=%2Fwp%2Fv2%2Fmedia&parent=220"}],"curies":[{"name":"wp","href":"https:\/\/api.w.org\/{rel}","templated":true}]}}