{"id":1405,"date":"2024-02-26T19:39:44","date_gmt":"2024-02-26T19:39:44","guid":{"rendered":"https:\/\/certermoli.org\/?page_id=1405"},"modified":"2024-02-26T20:08:41","modified_gmt":"2024-02-26T20:08:41","slug":"rdpe-varsavia-2023","status":"publish","type":"page","link":"https:\/\/certermoli.org\/?page_id=1405","title":{"rendered":"RDPE \u2013 VARSAVIA 2023"},"content":{"rendered":"\n<div class=\"wp-block-group\"><div class=\"wp-block-group__inner-container is-layout-constrained wp-block-group-is-layout-constrained\">\n<div class=\"wp-block-media-text has-media-on-the-right is-stacked-on-mobile\"><div class=\"wp-block-media-text__content\">\n<p class=\"has-text-color has-link-color wp-elements-9f26ee3c97b80e3fe0caffad557337f1\" style=\"color:#248721\"><strong>28 novembre&nbsp;<\/strong><strong>&#8211;<\/strong><strong>&nbsp;1<\/strong><strong>dicembre<\/strong><strong>2023<\/strong>&nbsp;&#8211; &#8220;<strong>The 16th Conference on Research and Development in Power Engineering<\/strong>&#8221; &#8211;&nbsp;<strong>Warsa<\/strong><strong>w<\/strong>,&nbsp;<strong>Poland<\/strong><\/p>\n\n\n\n<p>Over the years, the RDPE conference has become a leading forum for presenting issues related to the sector of power engineering. The event gathers around representatives of both academics and entrepreneurs who share the knowledge, present findings and exchange views on the European energy sector. The conference is a platform for raising questions and providing answers concerning the state-of-the-art power engineering by the people with unquestionable expertise in the field.&nbsp;<\/p>\n\n\n\n<p class=\"has-text-color has-link-color wp-elements-2ad1d8ab8550cf52dfbf2bfcf7f66185\" style=\"color:#248721\"><a href=\"https:\/\/www.rdpe.itc.pw.edu.pl\/\">https:\/\/www.rdpe.itc.pw.edu.pl\/<\/a><\/p>\n\n\n\n<p class=\"has-text-color has-link-color wp-elements-e85bbd1c4233fa43805c8b8ab42d5f68\" style=\"color:#248721\">Scarica abstract:&nbsp;<a href=\"https:\/\/www.rdpe.itc.pw.edu.pl\/boa\" target=\"_blank\" rel=\"noreferrer noopener\">https:\/\/www.rdpe.itc.pw.edu.pl\/boa<\/a>&nbsp;(pag. 65)<\/p>\n<\/div><figure class=\"wp-block-media-text__media\"><img loading=\"lazy\" decoding=\"async\" width=\"1024\" height=\"771\" src=\"https:\/\/certermoli.org\/wp-content\/uploads\/2024\/02\/media-1024x771.png\" alt=\"\" class=\"wp-image-1406 size-full\" srcset=\"https:\/\/certermoli.org\/wp-content\/uploads\/2024\/02\/media-1024x771.png 1024w, https:\/\/certermoli.org\/wp-content\/uploads\/2024\/02\/media-300x226.png 300w, https:\/\/certermoli.org\/wp-content\/uploads\/2024\/02\/media-768x579.png 768w, https:\/\/certermoli.org\/wp-content\/uploads\/2024\/02\/media.png 1062w\" sizes=\"auto, (max-width: 1024px) 100vw, 1024px\" \/><\/figure><\/div>\n\n\n\n<div style=\"height:20px\" aria-hidden=\"true\" class=\"wp-block-spacer\"><\/div>\n\n\n\n<p class=\"has-text-align-center has-medium-font-size\"><strong>28 novembre &#8211; 1 dicembre<\/strong>&nbsp;<strong>2023<\/strong><br>&#8220;<strong>The 16th Conference on Research and Development in Power Engineering<\/strong>&#8220;<br><strong>Warsaw<\/strong>,&nbsp;<strong>Poland<\/strong><\/p>\n\n\n\n<p style=\"font-size:16px\">Over the years, the RDPE conference has become a leading forum for presenting issues related to the sector of power engineering. The event gathers around representatives of both academics and entrepreneurs who share the knowledge, present findings and exchange views on the European energy sector. The conference is a platform for raising questions and providing answers concerning the state-of-the-art power engineering by the people with unquestionable expertise in the field.&nbsp;<\/p>\n\n\n\n<div style=\"height:20px\" aria-hidden=\"true\" class=\"wp-block-spacer\"><\/div>\n<\/div><\/div>\n\n\n\n<p>Continua l\u2019impegno&nbsp;dell<strong>\u2019Istituto di Istruzione Secondaria \u201cE. Majorana\u201d<\/strong>&nbsp;di Termoli per la promozione delle comunit\u00e0 energetiche, \u201c<strong>luoghi<\/strong>\u201d in cui \u00e8 possibile consumare e scambiare energia pulita in un\u2019ottica di&nbsp;<strong>collaborazione e autoconsumo<\/strong>.<\/p>\n\n\n\n<p style=\"font-size:16px\">Dal 28 novembre al 1 dicembre 2023 si \u00e8 tenuta a&nbsp;<strong>Varsavia<\/strong>&nbsp;(<strong>Polonia<\/strong>) &#8220;<strong>The 16th Conference on Research and Development in Power Engineering (RDPE)<\/strong>&#8221;&nbsp;organizzata dall&#8217;<a href=\"https:\/\/www.itc.pw.edu.pl\/\" target=\"_blank\" rel=\"noreferrer noopener\"><strong>Insti<\/strong><strong>tute of Heat Engineering: IHE<\/strong><\/a>&nbsp;(Warsaw University of Technology,&nbsp;&nbsp;<a href=\"https:\/\/www.ibs.pw.edu.pl\/\" target=\"_blank\" rel=\"noreferrer noopener\"><strong>Institute of Applied Research<\/strong><\/a>&nbsp;(Warsaw University of Technology SP.Z.O.O.)&nbsp;e&nbsp;<a href=\"https:\/\/kproblen.pan.pl\/pl\/\" target=\"_blank\" rel=\"noreferrer noopener\"><strong>PAN<\/strong><\/a>&nbsp;(Polska Akademia Nauk).&nbsp;Nel corso degli anni, la conferenza RDPE \u00e8 diventata un forum leader per la presentazione di questioni relative al settore dell&#8217;ingegneria energetica. L&#8217;evento riunisce rappresentanti del mondo accademico e degli imprenditori che condividono conoscenze, presentano risultati e si scambiano opinioni sul settore energetico europeo. La conferenza \u00e8 una piattaforma per sollevare domande e fornire risposte riguardanti l&#8217;ingegneria energetica all&#8217;avanguardia da parte di persone con indiscutibile esperienza nel settore.<\/p>\n\n\n\n<div style=\"height:20px\" aria-hidden=\"true\" class=\"wp-block-spacer\"><\/div>\n\n\n\n<p style=\"font-size:16px\">Gli argomenti affrontati alla conferenza includono aspetti tecnici e finanziari dell&#8217;adeguamento e della ricostruzione nel settore energetico modellazione matematica dei processi termici e di flusso opinioni scientifiche sul funzionamento degli impianti elettrici questioni relative all\u2019energia nucleare RES e transizione energetica. Nell&#8217;ambito dell&#8217;edizione 2023 del convegno si terranno sessioni speciali legale alle tecnologie dell&#8217;idrogeno, Smart Cities\/Distretti Energetici Positivi (PED). Argomenti trattati in articoli scientifici: test operativi ed esperienza dal retrofitting, tecnologie di controllo delle emissioni, durata degli impianti elettrici, ottimizzazione operativa per impianti elettrici e di cogenerazione, mercato energetico, nuove tecnologie energetiche, adeguamento del settore energetico e termico alle normative comunitarie, modellazione matematica dei processi fisici nel settore energetico, macchinari di processo, sistemi energetici e di processo.<\/p>\n\n\n\n<div style=\"height:20px\" aria-hidden=\"true\" class=\"wp-block-spacer\"><\/div>\n\n\n\n<p style=\"font-size:16px\">In particolare all\u2019interno della sessione_B2&nbsp;&nbsp;c&#8217;\u00e8 stato&nbsp;il contributo dal titolo: \u201c<strong>School buildings and school communities as drivers for sustainable Renewable Energy Communities<\/strong>\u201d che vede come autori l\u2019arch.&nbsp;<strong>Antonella TUNDO<\/strong>,&nbsp;arch.&nbsp;<strong>Laura BLASO&nbsp;<\/strong>ed ing.&nbsp;<strong>Fabio MORETTI<\/strong>&nbsp;(<em>ENEA Smart Cities and Communities Laboratory, Smart Energy Division, Department of Energy Technologies and Renewable Sources<\/em>), il prof. ing.&nbsp;<strong>Paolo MARINUCCI<\/strong>&nbsp;(<em>Department of Electrotechnical and Electronics, IISS \u201cE. Majorana\u201d, Termoli -CB-<\/em>) e&nbsp;l&#8217;ing.&nbsp;<strong>Sonia GIOVINAZZI<\/strong>&nbsp;(<em>ENEA Analysis and Protection of Critical Infrastructures Laboratory, Smart Energy Division, Department of Energy Technologies and Renewable Sources<\/em>).<\/p>\n\n\n\n<div style=\"height:20px\" aria-hidden=\"true\" class=\"wp-block-spacer\"><\/div>\n\n\n\n<p style=\"font-size:16px\">Gli edifici scolastici e le comunit\u00e0 scolastiche rappresentano un&#8217;occasione imperdibile per innescare e sostenere il sviluppo di comunit\u00e0 sostenibili di energia rinnovabile, REC. Le scuole sono altamente energetiche quindi esigere il loro coinvolgimento nei REC pu\u00f2 contribuire all&#8217;ottimizzazione della risorsa energia. Ancora pi\u00f9 importante, il&nbsp; coinvolgimento delle comunit\u00e0 scolastiche nei REC pu\u00f2 promuovere la partecipazione proattiva delle principali amministrazioni pubbliche e dei soggetti interessati, il cui contributo \u00e8 fondamentale per avviare e far prosperare i processi sociali ed economici fondamentali per le REC. Questo articolo presenta il progetto PELL e il relativo approccio e piattaforma, originariamente concepiti dall&#8217;ENEA, la cui attuazione \u00e8 strumentale a sostenere lo sviluppo, il monitoraggio e la crescita delle REC. PELL sostiene l&#8217;efficienza gestionale ed operativa nel settore delle infrastrutture pubbliche consentendo un monitoraggio continuo delle infrastrutture ad alto consumo energetico. I servizi forniti dalla piattaforma PELL includono sia il monitoraggio della gestione operativa dell&#8217;energia che il supporto alla definizione del risparmio energetico. Come ulteriore servizio di monitoraggio recentemente aggiunto alla piattaforma PELL c&#8217;\u00e8 il monitoraggio della salute dell\u2019edificio scolastico dal punto di vista statico e quando sottoposto a forze sismiche quindi il monitoraggio dell&#8217;integrit\u00e0 strutturale e della funzionalit\u00e0 residua a seguito di un evento sismico di importanza critica. Un edificio scolastico per essere un elemento chiave all&#8217;interno di un REC deve essere energeticamente flessibile e efficiente, ma anche robusto e resistente. Il contributo presenta l\u2019implementazione dell\u2019approccio e della piattaforma PELL in una&nbsp;<strong>scuola secondaria del Comune di Termoli &#8211; IISS &#8220;E. Majorana&#8221;<\/strong>&nbsp;(Regione Molise, Italia) insieme all&#8217;implementazione sullo stesso caso studio di ulteriori strumenti ideati dall&#8217;ENEA in Italia per supportare la creazione e la gestione delle comunit\u00e0 energetiche.<\/p>\n\n\n\n<div style=\"height:20px\" aria-hidden=\"true\" class=\"wp-block-spacer\"><\/div>\n\n\n\n<details class=\"wp-block-details is-layout-flow wp-block-details-is-layout-flow\" style=\"font-size:20px\"><summary>Rassegna stampa<\/summary>\n<ul class=\"wp-block-list\">\n<li><a href=\"https:\/\/www.termolionline.it\/news\/attualita\/1135951\/ingegneria-energetica-listituto-majorana-protagonista-a-varsavia\" target=\"_blank\" rel=\"noreferrer noopener\">Ingegneria energetica: l&#8217;istituto Majorana protagonista a Varsavia<\/a>(<strong>termolionline.it<\/strong>)<\/li>\n<\/ul>\n\n\n\n<div style=\"height:16px\" aria-hidden=\"true\" class=\"wp-block-spacer\"><\/div>\n\n\n\n<ul class=\"wp-block-list\">\n<li><a href=\"https:\/\/www.primonumero.it\/2023\/12\/edifici-scolastici-e-comunita-sostenibili-insegnanti-del-majorana-a-varsavia\/1530803504\/\" target=\"_blank\" rel=\"noreferrer noopener\">Edifici scolastici e comunit\u00e0 sostenibili: insegnanti del Majorana a Varsavia<\/a>(<strong>primonumero.it<\/strong>)<\/li>\n<\/ul>\n<\/details>\n\n\n\n<div style=\"height:100px\" aria-hidden=\"true\" class=\"wp-block-spacer\"><\/div>\n","protected":false},"excerpt":{"rendered":"<p>28 novembre&nbsp;&#8211;&nbsp;1dicembre2023&nbsp;&#8211; &#8220;The 16th Conference on Research and Development in Power Engineering&#8221; &#8211;&nbsp;Warsaw,&nbsp;Poland Over the years, the RDPE conference has become a leading forum for presenting issues related to the sector of power engineering. The event gathers around representatives of both academics and entrepreneurs who share the knowledge, present findings and exchange views on the [&hellip;]<\/p>\n","protected":false},"author":1,"featured_media":0,"parent":0,"menu_order":0,"comment_status":"closed","ping_status":"closed","template":"","meta":{"footnotes":""},"class_list":["post-1405","page","type-page","status-publish","hentry"],"_links":{"self":[{"href":"https:\/\/certermoli.org\/index.php?rest_route=\/wp\/v2\/pages\/1405","targetHints":{"allow":["GET"]}}],"collection":[{"href":"https:\/\/certermoli.org\/index.php?rest_route=\/wp\/v2\/pages"}],"about":[{"href":"https:\/\/certermoli.org\/index.php?rest_route=\/wp\/v2\/types\/page"}],"author":[{"embeddable":true,"href":"https:\/\/certermoli.org\/index.php?rest_route=\/wp\/v2\/users\/1"}],"replies":[{"embeddable":true,"href":"https:\/\/certermoli.org\/index.php?rest_route=%2Fwp%2Fv2%2Fcomments&post=1405"}],"version-history":[{"count":13,"href":"https:\/\/certermoli.org\/index.php?rest_route=\/wp\/v2\/pages\/1405\/revisions"}],"predecessor-version":[{"id":1426,"href":"https:\/\/certermoli.org\/index.php?rest_route=\/wp\/v2\/pages\/1405\/revisions\/1426"}],"wp:attachment":[{"href":"https:\/\/certermoli.org\/index.php?rest_route=%2Fwp%2Fv2%2Fmedia&parent=1405"}],"curies":[{"name":"wp","href":"https:\/\/api.w.org\/{rel}","templated":true}]}}